{"id":453,"date":"2024-10-31T16:18:04","date_gmt":"2024-10-31T16:18:04","guid":{"rendered":"https:\/\/flounder-sailing.com\/gruppenausflug"},"modified":"2025-04-06T17:55:30","modified_gmt":"2025-04-06T17:55:30","slug":"gruppenausflug","status":"publish","type":"page","link":"https:\/\/flounder-sailing.com\/de\/gruppenausflug","title":{"rendered":"Gruppenausflug"},"content":{"rendered":"<p>[et_pb_section fb_built=&#8220;1&#8243; _builder_version=&#8220;4.27.2&#8243; _module_preset=&#8220;default&#8220; custom_margin=&#8220;-90px||||false|false&#8220; locked=&#8220;off&#8220; global_colors_info=&#8220;{}&#8220;][et_pb_row _builder_version=&#8220;4.27.2&#8243; _module_preset=&#8220;default&#8220; width=&#8220;100%&#8220; max_width=&#8220;100%&#8220; global_colors_info=&#8220;{}&#8220;][et_pb_column type=&#8220;4_4&#8243; _builder_version=&#8220;4.27.2&#8243; _module_preset=&#8220;default&#8220; global_colors_info=&#8220;{}&#8220;][et_pb_video src=&#8220;https:\/\/youtu.be\/75lYoP8c34g&#8220; _builder_version=&#8220;4.27.2&#8243; _module_preset=&#8220;default&#8220; hover_enabled=&#8220;0&#8243; global_colors_info=&#8220;{}&#8220; sticky_enabled=&#8220;0&#8243;][\/et_pb_video][\/et_pb_column][\/et_pb_row][\/et_pb_section][et_pb_section fb_built=&#8220;1&#8243; custom_padding_last_edited=&#8220;on|phone&#8220; _builder_version=&#8220;4.27.2&#8243; _module_preset=&#8220;default&#8220; background_color=&#8220;#02577F&#8220; custom_padding=&#8220;||152px|||&#8220; custom_padding_tablet=&#8220;&#8220; custom_padding_phone=&#8220;||60px||false|false&#8220; bottom_divider_style=&#8220;wave&#8220; bottom_divider_color=&#8220;#FFFFFF&#8220; bottom_divider_height_tablet=&#8220;&#8220; bottom_divider_height_phone=&#8220;50px&#8220; bottom_divider_height_last_edited=&#8220;on|phone&#8220; global_colors_info=&#8220;{}&#8220;][et_pb_row _builder_version=&#8220;4.27.2&#8243; _module_preset=&#8220;default&#8220; global_colors_info=&#8220;{}&#8220;][et_pb_column type=&#8220;4_4&#8243; _builder_version=&#8220;4.27.2&#8243; _module_preset=&#8220;default&#8220; global_colors_info=&#8220;{}&#8220;][et_pb_text _builder_version=&#8220;4.27.2&#8243; _module_preset=&#8220;default&#8220; header_font=&#8220;|700||on|||||&#8220; header_text_align=&#8220;center&#8220; header_text_color=&#8220;#FAFAFA&#8220; header_font_size=&#8220;53px&#8220; custom_margin=&#8220;||16px|||&#8220; header_font_size_tablet=&#8220;40px&#8220; header_font_size_phone=&#8220;30px&#8220; header_font_size_last_edited=&#8220;on|phone&#8220; global_colors_info=&#8220;{}&#8220;]<\/p>\n<h1>Erleben Sie eine Bootsfahrt<\/h1>\n<p>[\/et_pb_text][et_pb_text _builder_version=&#8220;4.27.2&#8243; _module_preset=&#8220;default&#8220; header_font=&#8220;||||||||&#8220; header_text_align=&#8220;center&#8220; header_text_color=&#8220;#FAFAFA&#8220; header_font_size=&#8220;46px&#8220; header_font_size_tablet=&#8220;40px&#8220; header_font_size_phone=&#8220;26px&#8220; header_font_size_last_edited=&#8220;on|phone&#8220; global_colors_info=&#8220;{}&#8220;]<\/p>\n<h1>IN EINER GRUPPE AUF FUERTEVENTURA<\/h1>\n<p>[\/et_pb_text][\/et_pb_column][\/et_pb_row][\/et_pb_section][et_pb_section fb_built=&#8220;1&#8243; _builder_version=&#8220;4.27.2&#8243; _module_preset=&#8220;default&#8220; background_color=&#8220;#FFFFFF&#8220; bottom_divider_style=&#8220;wave&#8220; bottom_divider_color=&#8220;#FFFFFF&#8220; global_colors_info=&#8220;{}&#8220;][et_pb_row column_structure=&#8220;1_2,1_2&#8243; use_custom_gutter=&#8220;on&#8220; gutter_width=&#8220;1&#8243; _builder_version=&#8220;4.27.2&#8243; _module_preset=&#8220;default&#8220; global_colors_info=&#8220;{}&#8220;][et_pb_column type=&#8220;1_2&#8243; _builder_version=&#8220;4.27.2&#8243; _module_preset=&#8220;default&#8220; global_colors_info=&#8220;{}&#8220;][et_pb_text _builder_version=&#8220;4.27.2&#8243; _module_preset=&#8220;default&#8220; header_2_font=&#8220;|||on|||||&#8220; header_2_text_align=&#8220;left&#8220; header_2_text_color=&#8220;#02577F&#8220; header_2_font_size=&#8220;3vw&#8220; custom_margin=&#8220;||0px||false|false&#8220; custom_padding=&#8220;||0px||false|false&#8220; header_2_font_size_tablet=&#8220;5vw&#8220; header_2_font_size_phone=&#8220;7vw&#8220; header_2_font_size_last_edited=&#8220;on|tablet&#8220; global_colors_info=&#8220;{}&#8220;]<\/p>\n<h2>Kommen Sie an Bord unseres Segelboots,<\/h2>\n<p>[\/et_pb_text][et_pb_text _builder_version=&#8220;4.27.2&#8243; _module_preset=&#8220;default&#8220; header_2_font=&#8220;EgostaLight|||on|||||&#8220; header_2_text_align=&#8220;left&#8220; header_2_text_color=&#8220;#02577F&#8220; header_2_font_size=&#8220;2.5vw&#8220; custom_margin=&#8220;-8px||||false|false&#8220; custom_padding=&#8220;0px||||false|false&#8220; header_2_font_size_tablet=&#8220;4vw&#8220; header_2_font_size_phone=&#8220;6vw&#8220; header_2_font_size_last_edited=&#8220;on|tablet&#8220; global_colors_info=&#8220;{}&#8220;]<\/p>\n<h2>Entspannen Sie sich und genie\u00dfen Sie &#8211; so einfach ist das!<br \/>\n<\/h2>\n<p>[\/et_pb_text][et_pb_text _builder_version=&#8220;4.27.2&#8243; _module_preset=&#8220;default&#8220; text_font=&#8220;|300|||||||&#8220; text_text_color=&#8220;#000000&#8243; text_font_size=&#8220;1.2vw&#8220; link_font=&#8220;||||on||||&#8220; custom_padding=&#8220;20px||20px||true|false&#8220; text_font_size_tablet=&#8220;2vw&#8220; text_font_size_phone=&#8220;4vw&#8220; text_font_size_last_edited=&#8220;on|tablet&#8220; global_colors_info=&#8220;{}&#8220;]<\/p>\n<p>Ein Segelboot, das kristallklare Wasser von Fuerteventura und die Gesellschaft von Walen und Delfinen, wenn Sie sich diesem Erlebnis anschlie\u00dfen m\u00f6chten. Denn der Zauber unserer Insel liegt im Blau: dem Blau des Himmels und dem Blau des Meeres. Die beste Paarung f\u00fcr diesen gro\u00dfen Moment? Erfrischungen, ein leckerer Snack und die erfahrene Hand unseres Skippers. Wir k\u00fcmmern uns um alles, alles was Sie tun m\u00fcssen, ist Ihren Platz zu buchen und zu genie\u00dfen!<\/p>\n<p>[\/et_pb_text][et_pb_text _builder_version=&#8220;4.27.2&#8243; _module_preset=&#8220;default&#8220; text_font=&#8220;|700|||||||&#8220; text_text_color=&#8220;#02577F&#8220; text_font_size=&#8220;1.4vw&#8220; link_font=&#8220;||||on||||&#8220; custom_margin=&#8220;20px||20px||true|false&#8220; text_font_size_tablet=&#8220;2vw&#8220; text_font_size_phone=&#8220;4vw&#8220; text_font_size_last_edited=&#8220;on|tablet&#8220; global_colors_info=&#8220;{}&#8220;]<\/p>\n<p>Es umfasst:<\/p>\n<p>[\/et_pb_text][et_pb_text _builder_version=&#8220;4.27.2&#8243; _module_preset=&#8220;default&#8220; text_font=&#8220;|300|||||||&#8220; text_text_color=&#8220;#000000&#8243; text_font_size=&#8220;1.2vw&#8220; link_font=&#8220;||||on||||&#8220; text_font_size_tablet=&#8220;2vw&#8220; text_font_size_phone=&#8220;4vw&#8220; text_font_size_last_edited=&#8220;on|tablet&#8220; global_colors_info=&#8220;{}&#8220;]<\/p>\n<ul>\n<li>Abholung vom Hotel und R\u00fcckfahrt (nach Costa Calma)<\/li>\n<li>Getr\u00e4nke (Biere, Prosecco, Wei\u00dfweine, Cava, Ros\u00e9, Softdrinks: Coca-Cola, Fanta, Sprite, Wasser)<\/li>\n<li>Mahlzeiten (K\u00e4setapas mit Herkunftsbezeichnung, Quitten- und Guavenmarmelade, Toasts, Oliven, Snacks)<\/li>\n<li>Schnorchelausr\u00fcstung<\/li>\n<li>Navigationsger\u00e4te<\/li>\n<li>Vollkasko-Versicherung<\/li>\n<li>Spezielle Mahlzeiten mit Reisgerichten f\u00fcr Gruppen auf Anfrage.<\/li>\n<li>Professioneller Arbeitgeber<\/li>\n<\/ul>\n<p>[\/et_pb_text][\/et_pb_column][et_pb_column type=&#8220;1_2&#8243; _builder_version=&#8220;4.27.2&#8243; _module_preset=&#8220;default&#8220; global_colors_info=&#8220;{}&#8220;][et_pb_gallery gallery_ids=&#8220;335,337,339,341,343,345&#8243; posts_number=&#8220;6&#8243; show_title_and_caption=&#8220;off&#8220; show_pagination=&#8220;off&#8220; disabled_on=&#8220;on|on|off&#8220; _builder_version=&#8220;4.27.2&#8243; _module_preset=&#8220;default&#8220; global_colors_info=&#8220;{}&#8220;][\/et_pb_gallery][et_pb_gallery gallery_ids=&#8220;335,337,339,341,343,345&#8243; fullwidth=&#8220;on&#8220; disabled_on=&#8220;off|off|on&#8220; _builder_version=&#8220;4.27.2&#8243; _module_preset=&#8220;default&#8220; auto=&#8220;on&#8220; global_colors_info=&#8220;{}&#8220;][\/et_pb_gallery][et_pb_text _builder_version=&#8220;4.27.2&#8243; _module_preset=&#8220;default&#8220; text_font=&#8220;|700|||||||&#8220; text_text_color=&#8220;#02577F&#8220; text_font_size=&#8220;1.4vw&#8220; link_font=&#8220;||||on||||&#8220; custom_margin=&#8220;20px||20px||true|false&#8220; text_font_size_tablet=&#8220;2vw&#8220; text_font_size_phone=&#8220;4vw&#8220; text_font_size_last_edited=&#8220;on|tablet&#8220; global_colors_info=&#8220;{}&#8220;]<\/p>\n<p>Dauer<\/p>\n<p>[\/et_pb_text][et_pb_text _builder_version=&#8220;4.27.2&#8243; _module_preset=&#8220;default&#8220; text_font=&#8220;|300|||||||&#8220; text_text_color=&#8220;#000000&#8243; text_font_size=&#8220;1.2vw&#8220; link_font=&#8220;||||on||||&#8220; text_font_size_tablet=&#8220;2vw&#8220; text_font_size_phone=&#8220;4vw&#8220; text_font_size_last_edited=&#8220;on|tablet&#8220; global_colors_info=&#8220;{}&#8220;]<\/p>\n<p>3h 30m<\/p>\n<p>[\/et_pb_text][et_pb_text _builder_version=&#8220;4.27.2&#8243; _module_preset=&#8220;default&#8220; text_font=&#8220;|700|||||||&#8220; text_text_color=&#8220;#02577F&#8220; text_font_size=&#8220;1.4vw&#8220; link_font=&#8220;||||on||||&#8220; custom_margin=&#8220;20px||20px||true|false&#8220; text_font_size_tablet=&#8220;2vw&#8220; text_font_size_phone=&#8220;4vw&#8220; text_font_size_last_edited=&#8220;on|tablet&#8220; global_colors_info=&#8220;{}&#8220;]<\/p>\n<p>Preis pro Person<\/p>\n<p>[\/et_pb_text][et_pb_text _builder_version=&#8220;4.27.2&#8243; _module_preset=&#8220;default&#8220; text_font=&#8220;|300|||||||&#8220; text_text_color=&#8220;#000000&#8243; text_font_size=&#8220;1.2vw&#8220; link_font=&#8220;||||on||||&#8220; text_font_size_tablet=&#8220;2vw&#8220; text_font_size_phone=&#8220;4vw&#8220; text_font_size_last_edited=&#8220;on|tablet&#8220; global_colors_info=&#8220;{}&#8220;]<\/p>\n<div>79 \u20ac Erwachsener<\/div>\n<div><\/div>\n<div><span> <\/span><\/div>\n<div>&gt;57 \u20ac Kinder ( 9 Jahre alt)<span> <\/span><\/div>\n<p>[\/et_pb_text][et_pb_button button_url=&#8220;https:\/\/fareharbor.com\/embeds\/book\/floundersailing\/items\/152129\/calendar\/2024\/11\/?full-items=yes&amp;back=https:\/\/flounder-sailing.com\/%3Fvc_editable%3Dtrue%26vc_post_id%3D3453%26_vcnonce%3D1774b6a94c&amp;g4=yes&#8220; url_new_window=&#8220;on&#8220; button_text=&#8220;RESERVIEREN SIE IHREN PLATZ&#8220; button_alignment=&#8220;left&#8220; _builder_version=&#8220;4.27.2&#8243; _module_preset=&#8220;default&#8220; custom_button=&#8220;on&#8220; button_text_size=&#8220;16px&#8220; button_text_color=&#8220;#FFFFFF&#8220; button_bg_color=&#8220;#02577F&#8220; button_border_radius=&#8220;13px&#8220; custom_margin=&#8220;20px||||false|false&#8220; custom_padding=&#8220;10px|40px|10px|40px|true|true&#8220; global_colors_info=&#8220;{}&#8220;][\/et_pb_button][\/et_pb_column][\/et_pb_row][\/et_pb_section]<\/p>\n","protected":false},"excerpt":{"rendered":"<p>Erleben Sie eine BootsfahrtIN EINER GRUPPE AUF FUERTEVENTURAKommen Sie an Bord unseres Segelboots,Entspannen Sie sich und genie\u00dfen Sie &#8211; so einfach ist das! Ein Segelboot, das kristallklare Wasser von Fuerteventura und die Gesellschaft von Walen und Delfinen, wenn Sie sich diesem Erlebnis anschlie\u00dfen m\u00f6chten. Denn der Zauber unserer Insel liegt im Blau: dem Blau des [&hellip;]<\/p>\n","protected":false},"author":2,"featured_media":0,"parent":0,"menu_order":0,"comment_status":"closed","ping_status":"closed","template":"","meta":{"_et_pb_use_builder":"on","_et_pb_old_content":"","_et_gb_content_width":"","footnotes":""},"class_list":["post-453","page","type-page","status-publish","hentry"],"_links":{"self":[{"href":"https:\/\/flounder-sailing.com\/de\/wp-json\/wp\/v2\/pages\/453","targetHints":{"allow":["GET"]}}],"collection":[{"href":"https:\/\/flounder-sailing.com\/de\/wp-json\/wp\/v2\/pages"}],"about":[{"href":"https:\/\/flounder-sailing.com\/de\/wp-json\/wp\/v2\/types\/page"}],"author":[{"embeddable":true,"href":"https:\/\/flounder-sailing.com\/de\/wp-json\/wp\/v2\/users\/2"}],"replies":[{"embeddable":true,"href":"https:\/\/flounder-sailing.com\/de\/wp-json\/wp\/v2\/comments?post=453"}],"version-history":[{"count":12,"href":"https:\/\/flounder-sailing.com\/de\/wp-json\/wp\/v2\/pages\/453\/revisions"}],"predecessor-version":[{"id":1749,"href":"https:\/\/flounder-sailing.com\/de\/wp-json\/wp\/v2\/pages\/453\/revisions\/1749"}],"wp:attachment":[{"href":"https:\/\/flounder-sailing.com\/de\/wp-json\/wp\/v2\/media?parent=453"}],"curies":[{"name":"wp","href":"https:\/\/api.w.org\/{rel}","templated":true}]}}