{"id":458,"date":"2024-10-31T16:18:04","date_gmt":"2024-10-31T16:18:04","guid":{"rendered":"https:\/\/flounder-sailing.com\/privater-ausflug"},"modified":"2025-04-06T17:41:53","modified_gmt":"2025-04-06T17:41:53","slug":"privater-ausflug","status":"publish","type":"page","link":"https:\/\/flounder-sailing.com\/de\/privater-ausflug","title":{"rendered":"Privater Ausflug"},"content":{"rendered":"<p>[et_pb_section fb_built=&#8220;1&#8243; _builder_version=&#8220;4.27.2&#8243; _module_preset=&#8220;default&#8220; custom_margin=&#8220;-90px||||false|false&#8220; locked=&#8220;off&#8220; global_colors_info=&#8220;{}&#8220;][et_pb_row _builder_version=&#8220;4.27.2&#8243; _module_preset=&#8220;default&#8220; width=&#8220;100%&#8220; max_width=&#8220;100%&#8220; global_colors_info=&#8220;{}&#8220;][et_pb_column type=&#8220;4_4&#8243; _builder_version=&#8220;4.27.2&#8243; _module_preset=&#8220;default&#8220; global_colors_info=&#8220;{}&#8220;][et_pb_video src=&#8220;https:\/\/youtu.be\/a1Ii-yKKX2s&#8220; _builder_version=&#8220;4.27.2&#8243; _module_preset=&#8220;default&#8220; global_colors_info=&#8220;{}&#8220;][\/et_pb_video][\/et_pb_column][\/et_pb_row][\/et_pb_section][et_pb_section fb_built=&#8220;1&#8243; custom_padding_last_edited=&#8220;on|phone&#8220; _builder_version=&#8220;4.27.2&#8243; _module_preset=&#8220;default&#8220; background_color=&#8220;#02577F&#8220; custom_padding=&#8220;||152px|||&#8220; custom_padding_tablet=&#8220;&#8220; custom_padding_phone=&#8220;||60px||false|false&#8220; bottom_divider_style=&#8220;wave&#8220; bottom_divider_color=&#8220;#FFFFFF&#8220; bottom_divider_height_tablet=&#8220;&#8220; bottom_divider_height_phone=&#8220;50px&#8220; bottom_divider_height_last_edited=&#8220;on|phone&#8220; global_colors_info=&#8220;{}&#8220;][et_pb_row _builder_version=&#8220;4.27.2&#8243; _module_preset=&#8220;default&#8220; global_colors_info=&#8220;{}&#8220;][et_pb_column type=&#8220;4_4&#8243; _builder_version=&#8220;4.27.2&#8243; _module_preset=&#8220;default&#8220; global_colors_info=&#8220;{}&#8220;][et_pb_text _builder_version=&#8220;4.27.2&#8243; _module_preset=&#8220;default&#8220; header_font=&#8220;|700||on|||||&#8220; header_text_align=&#8220;center&#8220; header_text_color=&#8220;#FAFAFA&#8220; header_font_size=&#8220;53px&#8220; custom_margin=&#8220;||16px|||&#8220; header_font_size_tablet=&#8220;40px&#8220; header_font_size_phone=&#8220;30px&#8220; header_font_size_last_edited=&#8220;on|phone&#8220; global_colors_info=&#8220;{}&#8220;]<\/p>\n<h1>Genie\u00dfen Sie eine PRIVATE BOAT TRIP IN FUERTEVENTURA<\/h1>\n<p>[\/et_pb_text][\/et_pb_column][\/et_pb_row][\/et_pb_section][et_pb_section fb_built=&#8220;1&#8243; _builder_version=&#8220;4.27.2&#8243; _module_preset=&#8220;default&#8220; background_color=&#8220;#FFFFFF&#8220; bottom_divider_style=&#8220;wave&#8220; bottom_divider_color=&#8220;#FFFFFF&#8220; global_colors_info=&#8220;{}&#8220;][et_pb_row column_structure=&#8220;1_2,1_2&#8243; use_custom_gutter=&#8220;on&#8220; gutter_width=&#8220;1&#8243; _builder_version=&#8220;4.27.2&#8243; _module_preset=&#8220;default&#8220; global_colors_info=&#8220;{}&#8220;][et_pb_column type=&#8220;1_2&#8243; _builder_version=&#8220;4.27.2&#8243; _module_preset=&#8220;default&#8220; global_colors_info=&#8220;{}&#8220;][et_pb_text _builder_version=&#8220;4.27.2&#8243; _module_preset=&#8220;default&#8220; header_2_font=&#8220;|||on|||||&#8220; header_2_text_align=&#8220;left&#8220; header_2_text_color=&#8220;#02577F&#8220; header_2_font_size=&#8220;3vw&#8220; custom_margin=&#8220;||0px||false|false&#8220; custom_padding=&#8220;||0px||false|false&#8220; header_2_font_size_tablet=&#8220;5vw&#8220; header_2_font_size_phone=&#8220;7vw&#8220; header_2_font_size_last_edited=&#8220;on|tablet&#8220; global_colors_info=&#8220;{}&#8220;]<\/p>\n<h2>Ihre Freunde, Ihre Familie, ein Boot&#8230;<\/h2>\n<p>[\/et_pb_text][et_pb_text _builder_version=&#8220;4.27.2&#8243; _module_preset=&#8220;default&#8220; header_2_font=&#8220;EgostaLight|||on|||||&#8220; header_2_text_align=&#8220;left&#8220; header_2_text_color=&#8220;#02577F&#8220; header_2_font_size=&#8220;2.5vw&#8220; custom_margin=&#8220;-8px||||false|false&#8220; custom_padding=&#8220;0px||||false|false&#8220; header_2_font_size_tablet=&#8220;4vw&#8220; header_2_font_size_phone=&#8220;6vw&#8220; header_2_font_size_last_edited=&#8220;on|tablet&#8220; global_colors_info=&#8220;{}&#8220;]<\/p>\n<h2>Momentum in Sicht!<\/h2>\n<p>[\/et_pb_text][et_pb_text _builder_version=&#8220;4.27.2&#8243; _module_preset=&#8220;default&#8220; text_font=&#8220;|300|||||||&#8220; text_text_color=&#8220;#000000&#8243; text_font_size=&#8220;1.2vw&#8220; link_font=&#8220;||||on||||&#8220; custom_padding=&#8220;20px||20px||true|false&#8220; text_font_size_tablet=&#8220;2vw&#8220; text_font_size_phone=&#8220;4vw&#8220; text_font_size_last_edited=&#8220;on|tablet&#8220; global_colors_info=&#8220;{}&#8220;]<\/p>\n<p>Wenn Sie eine Bootsfahrt auf Fuerteventura erleben m\u00f6chten, aber Gruppen nicht Ihr Ding sind, ist diese Option wie f\u00fcr Sie gemacht: Buchen Sie einen privaten Ausflug auf unserem sch\u00f6nen 14-Meter-Boot. Die Exklusivit\u00e4t eines Ausflugs, der nur f\u00fcr Sie und die Ihren gemacht ist&#8230; und der Zauber des Meeres von Fuerteventura.<\/p>\n<p>[\/et_pb_text][et_pb_text _builder_version=&#8220;4.27.2&#8243; _module_preset=&#8220;default&#8220; text_font=&#8220;|700|||||||&#8220; text_text_color=&#8220;#02577F&#8220; text_font_size=&#8220;1.4vw&#8220; link_font=&#8220;||||on||||&#8220; custom_margin=&#8220;20px||20px||true|false&#8220; text_font_size_tablet=&#8220;2vw&#8220; text_font_size_phone=&#8220;4vw&#8220; text_font_size_last_edited=&#8220;on|tablet&#8220; global_colors_info=&#8220;{}&#8220;]<\/p>\n<p>Es umfasst:<\/p>\n<p>[\/et_pb_text][et_pb_text _builder_version=&#8220;4.27.2&#8243; _module_preset=&#8220;default&#8220; text_font=&#8220;|300|||||||&#8220; text_text_color=&#8220;#000000&#8243; text_font_size=&#8220;1.2vw&#8220; link_font=&#8220;||||on||||&#8220; text_font_size_tablet=&#8220;2vw&#8220; text_font_size_phone=&#8220;4vw&#8220; text_font_size_last_edited=&#8220;on|tablet&#8220; global_colors_info=&#8220;{}&#8220;]<\/p>\n<ul>\n<li>Abholung vom Hotel und R\u00fcckfahrt (nach Costa Calma)<\/li>\n<li>Getr\u00e4nke (Biere, Prosecco, Wei\u00dfweine, Cava, Ros\u00e9, Softdrinks: Coca-Cola, Fanta, Sprite, Wasser)<\/li>\n<li>Mahlzeiten (K\u00e4setapas mit Herkunftsbezeichnung, Quitten- und Guavenmarmelade, Toasts, Oliven, Snacks)<\/li>\n<li>Schnorchelausr\u00fcstung<\/li>\n<li>Navigationsger\u00e4te<\/li>\n<li>Vollkasko-Versicherung<\/li>\n<li>Spezielle Mahlzeiten mit Reisgerichten f\u00fcr Gruppen auf Anfrage.<\/li>\n<li>Professioneller Arbeitgeber<\/li>\n<\/ul>\n<p>[\/et_pb_text][\/et_pb_column][et_pb_column type=&#8220;1_2&#8243; _builder_version=&#8220;4.27.2&#8243; _module_preset=&#8220;default&#8220; custom_padding=&#8220;|||50px|false|false&#8220; custom_padding_tablet=&#8220;|||0px|false|false&#8220; custom_padding_phone=&#8220;|||0px|false|false&#8220; custom_padding_last_edited=&#8220;on|phone&#8220; global_colors_info=&#8220;{}&#8220;][et_pb_image src=&#8220;https:\/\/flounder-sailing.com\/wp-content\/uploads\/2024\/11\/dolphin.jpg&#8220; title_text=&#8220;Delphin&#8220; _builder_version=&#8220;4.27.2&#8243; _module_preset=&#8220;default&#8220; global_colors_info=&#8220;{}&#8220;][\/et_pb_image][et_pb_text _builder_version=&#8220;4.27.2&#8243; _module_preset=&#8220;default&#8220; text_font=&#8220;|700|||||||&#8220; text_text_color=&#8220;#02577F&#8220; text_font_size=&#8220;1.4vw&#8220; link_font=&#8220;||||on||||&#8220; custom_margin=&#8220;20px||20px||true|false&#8220; text_font_size_tablet=&#8220;2vw&#8220; text_font_size_phone=&#8220;4vw&#8220; text_font_size_last_edited=&#8220;on|tablet&#8220; global_colors_info=&#8220;{}&#8220;]Privatausflug f\u00fcr 8 Personen und Kapit\u00e4n[\/et_pb_text][et_pb_text _builder_version=&#8220;4.27.2&#8243; _module_preset=&#8220;default&#8220; text_font=&#8220;|700|||||||&#8220; text_text_color=&#8220;#02577F&#8220; text_font_size=&#8220;1.4vw&#8220; link_font=&#8220;||||on||||&#8220; custom_margin=&#8220;20px||20px||true|false&#8220; text_font_size_tablet=&#8220;2vw&#8220; text_font_size_phone=&#8220;4vw&#8220; text_font_size_last_edited=&#8220;on|tablet&#8220; global_colors_info=&#8220;{}&#8220;]<\/p>\n<p>Dauer<\/p>\n<p>[\/et_pb_text][et_pb_text _builder_version=&#8220;4.27.2&#8243; _module_preset=&#8220;default&#8220; text_font=&#8220;|300|||||||&#8220; text_text_color=&#8220;#000000&#8243; text_font_size=&#8220;1.2vw&#8220; link_font=&#8220;||||on||||&#8220; text_font_size_tablet=&#8220;2vw&#8220; text_font_size_phone=&#8220;4vw&#8220; text_font_size_last_edited=&#8220;on|tablet&#8220; global_colors_info=&#8220;{}&#8220;]<\/p>\n<p>4h<\/p>\n<p>[\/et_pb_text][et_pb_text _builder_version=&#8220;4.27.2&#8243; _module_preset=&#8220;default&#8220; text_font=&#8220;|700|||||||&#8220; text_text_color=&#8220;#02577F&#8220; text_font_size=&#8220;1.4vw&#8220; link_font=&#8220;||||on||||&#8220; custom_margin=&#8220;20px||20px||true|false&#8220; text_font_size_tablet=&#8220;2vw&#8220; text_font_size_phone=&#8220;4vw&#8220; text_font_size_last_edited=&#8220;on|tablet&#8220; global_colors_info=&#8220;{}&#8220;]<\/p>\n<p>Preis pro Person<\/p>\n<p>[\/et_pb_text][et_pb_text _builder_version=&#8220;4.27.2&#8243; _module_preset=&#8220;default&#8220; text_font=&#8220;|300|||||||&#8220; text_text_color=&#8220;#000000&#8243; text_font_size=&#8220;1.2vw&#8220; link_font=&#8220;||||on||||&#8220; text_font_size_tablet=&#8220;2vw&#8220; text_font_size_phone=&#8220;4vw&#8220; text_font_size_last_edited=&#8220;on|tablet&#8220; global_colors_info=&#8220;{}&#8220;]<\/p>\n<div>495 \u20ac Erwachsener<\/div>\n<p>[\/et_pb_text][et_pb_button button_url=&#8220;https:\/\/fareharbor.com\/embeds\/book\/floundersailing\/items\/316477\/calendar\/2024\/11\/?full-items=yes&amp;back=https:\/\/flounder-sailing.com\/%3Fvc_editable%3Dtrue%26vc_post_id%3D3453%26_vcnonce%3D1774b6a94c&amp;g4=yes&#8220; url_new_window=&#8220;on&#8220; button_text=&#8220;BUCHEN SIE IHRE PRIVATE TOUR&#8220; button_alignment=&#8220;left&#8220; _builder_version=&#8220;4.27.2&#8243; _module_preset=&#8220;default&#8220; custom_button=&#8220;on&#8220; button_text_size=&#8220;16px&#8220; button_text_color=&#8220;#FFFFFF&#8220; button_bg_color=&#8220;#02577F&#8220; button_border_radius=&#8220;13px&#8220; custom_margin=&#8220;20px||||false|false&#8220; custom_padding=&#8220;10px|40px|10px|40px|true|true&#8220; global_colors_info=&#8220;{}&#8220;][\/et_pb_button][\/et_pb_column][\/et_pb_row][\/et_pb_section]<\/p>\n","protected":false},"excerpt":{"rendered":"<p>Genie\u00dfen Sie eine PRIVATE BOAT TRIP IN FUERTEVENTURAIhre Freunde, Ihre Familie, ein Boot&#8230;Momentum in Sicht!Wenn Sie eine Bootsfahrt auf Fuerteventura erleben m\u00f6chten, aber Gruppen nicht Ihr Ding sind, ist diese Option wie f\u00fcr Sie gemacht: Buchen Sie einen privaten Ausflug auf unserem sch\u00f6nen 14-Meter-Boot. Die Exklusivit\u00e4t eines Ausflugs, der nur f\u00fcr Sie und die Ihren [&hellip;]<\/p>\n","protected":false},"author":2,"featured_media":0,"parent":0,"menu_order":0,"comment_status":"closed","ping_status":"closed","template":"","meta":{"_et_pb_use_builder":"on","_et_pb_old_content":"","_et_gb_content_width":"","footnotes":""},"class_list":["post-458","page","type-page","status-publish","hentry"],"_links":{"self":[{"href":"https:\/\/flounder-sailing.com\/de\/wp-json\/wp\/v2\/pages\/458","targetHints":{"allow":["GET"]}}],"collection":[{"href":"https:\/\/flounder-sailing.com\/de\/wp-json\/wp\/v2\/pages"}],"about":[{"href":"https:\/\/flounder-sailing.com\/de\/wp-json\/wp\/v2\/types\/page"}],"author":[{"embeddable":true,"href":"https:\/\/flounder-sailing.com\/de\/wp-json\/wp\/v2\/users\/2"}],"replies":[{"embeddable":true,"href":"https:\/\/flounder-sailing.com\/de\/wp-json\/wp\/v2\/comments?post=458"}],"version-history":[{"count":6,"href":"https:\/\/flounder-sailing.com\/de\/wp-json\/wp\/v2\/pages\/458\/revisions"}],"predecessor-version":[{"id":1733,"href":"https:\/\/flounder-sailing.com\/de\/wp-json\/wp\/v2\/pages\/458\/revisions\/1733"}],"wp:attachment":[{"href":"https:\/\/flounder-sailing.com\/de\/wp-json\/wp\/v2\/media?parent=458"}],"curies":[{"name":"wp","href":"https:\/\/api.w.org\/{rel}","templated":true}]}}