{"id":478,"date":"2024-10-31T16:18:04","date_gmt":"2024-10-31T16:18:04","guid":{"rendered":"https:\/\/flounder-sailing.com\/motorbootverleih"},"modified":"2025-04-06T17:56:31","modified_gmt":"2025-04-06T17:56:31","slug":"motorbootverleih","status":"publish","type":"page","link":"https:\/\/flounder-sailing.com\/de\/motorbootverleih","title":{"rendered":"Motorbootverleih"},"content":{"rendered":"<p>[et_pb_section fb_built=&#8220;1&#8243; _builder_version=&#8220;4.27.2&#8243; _module_preset=&#8220;default&#8220; custom_margin=&#8220;-90px||||false|false&#8220; locked=&#8220;off&#8220; global_colors_info=&#8220;{}&#8220;][et_pb_row _builder_version=&#8220;4.27.2&#8243; _module_preset=&#8220;default&#8220; width=&#8220;100%&#8220; max_width=&#8220;100%&#8220; global_colors_info=&#8220;{}&#8220;][et_pb_column type=&#8220;4_4&#8243; _builder_version=&#8220;4.27.2&#8243; _module_preset=&#8220;default&#8220; global_colors_info=&#8220;{}&#8220;][et_pb_video src=&#8220;https:\/\/youtu.be\/lv4F8kX7S5U&#8220; _builder_version=&#8220;4.27.2&#8243; _module_preset=&#8220;default&#8220; hover_enabled=&#8220;0&#8243; global_colors_info=&#8220;{}&#8220; sticky_enabled=&#8220;0&#8243;][\/et_pb_video][\/et_pb_column][\/et_pb_row][\/et_pb_section][et_pb_section fb_built=&#8220;1&#8243; custom_padding_last_edited=&#8220;on|phone&#8220; _builder_version=&#8220;4.27.2&#8243; _module_preset=&#8220;default&#8220; background_color=&#8220;#02577F&#8220; custom_padding=&#8220;||152px|||&#8220; custom_padding_tablet=&#8220;||152px|||&#8220; custom_padding_phone=&#8220;||60px||false|false&#8220; bottom_divider_style=&#8220;wave&#8220; bottom_divider_color=&#8220;#FFFFFF&#8220; bottom_divider_height_tablet=&#8220;&#8220; bottom_divider_height_phone=&#8220;50px&#8220; bottom_divider_height_last_edited=&#8220;on|phone&#8220; global_colors_info=&#8220;{}&#8220;][et_pb_row _builder_version=&#8220;4.27.2&#8243; _module_preset=&#8220;default&#8220; global_colors_info=&#8220;{}&#8220;][et_pb_column type=&#8220;4_4&#8243; _builder_version=&#8220;4.27.2&#8243; _module_preset=&#8220;default&#8220; global_colors_info=&#8220;{}&#8220;][et_pb_text _builder_version=&#8220;4.27.2&#8243; _module_preset=&#8220;default&#8220; header_font=&#8220;|700||on|||||&#8220; header_text_align=&#8220;center&#8220; header_text_color=&#8220;#FAFAFA&#8220; header_font_size=&#8220;53px&#8220; custom_margin=&#8220;||16px|||&#8220; header_font_size_tablet=&#8220;40px&#8220; header_font_size_phone=&#8220;30px&#8220; header_font_size_last_edited=&#8220;on|phone&#8220; global_colors_info=&#8220;{}&#8220;]<\/p>\n<h1>Motorboot mieten in<\/h1>\n<p>[\/et_pb_text][et_pb_text _builder_version=&#8220;4.27.2&#8243; _module_preset=&#8220;default&#8220; header_font=&#8220;||||||||&#8220; header_text_align=&#8220;center&#8220; header_text_color=&#8220;#FAFAFA&#8220; header_font_size=&#8220;46px&#8220; header_font_size_tablet=&#8220;40px&#8220; header_font_size_phone=&#8220;26px&#8220; header_font_size_last_edited=&#8220;on|phone&#8220; global_colors_info=&#8220;{}&#8220;]<\/p>\n<h1>in Morro Jable, Fuerteventura<\/h1>\n<p>[\/et_pb_text][\/et_pb_column][\/et_pb_row][\/et_pb_section][et_pb_section fb_built=&#8220;1&#8243; _builder_version=&#8220;4.27.2&#8243; _module_preset=&#8220;default&#8220; background_color=&#8220;#FFFFFF&#8220; bottom_divider_style=&#8220;wave&#8220; bottom_divider_color=&#8220;#FFFFFF&#8220; global_colors_info=&#8220;{}&#8220;][et_pb_row column_structure=&#8220;1_2,1_2&#8243; use_custom_gutter=&#8220;on&#8220; gutter_width=&#8220;1&#8243; _builder_version=&#8220;4.27.2&#8243; _module_preset=&#8220;default&#8220; global_colors_info=&#8220;{}&#8220;][et_pb_column type=&#8220;1_2&#8243; _builder_version=&#8220;4.27.2&#8243; _module_preset=&#8220;default&#8220; global_colors_info=&#8220;{}&#8220;][et_pb_text _builder_version=&#8220;4.27.2&#8243; _module_preset=&#8220;default&#8220; header_2_font=&#8220;|||on|||||&#8220; header_2_text_align=&#8220;left&#8220; header_2_text_color=&#8220;#02577F&#8220; header_2_font_size=&#8220;3vw&#8220; custom_margin=&#8220;||0px||false|false&#8220; custom_padding=&#8220;||0px||false|false&#8220; header_2_font_size_tablet=&#8220;5vw&#8220; header_2_font_size_phone=&#8220;7vw&#8220; header_2_font_size_last_edited=&#8220;on|tablet&#8220; global_colors_info=&#8220;{}&#8220;]<\/p>\n<h2>Leben auf Fuerteventura<\/h2>\n<p>[\/et_pb_text][et_pb_text _builder_version=&#8220;4.27.2&#8243; _module_preset=&#8220;default&#8220; header_2_font=&#8220;EgostaLight|||on|||||&#8220; header_2_text_align=&#8220;left&#8220; header_2_text_color=&#8220;#02577F&#8220; header_2_font_size=&#8220;2.5vw&#8220; custom_margin=&#8220;-8px||||false|false&#8220; custom_padding=&#8220;0px||||false|false&#8220; header_2_font_size_tablet=&#8220;4vw&#8220; header_2_font_size_phone=&#8220;6vw&#8220; header_2_font_size_last_edited=&#8220;on|tablet&#8220; global_colors_info=&#8220;{}&#8220;]<\/p>\n<h2>auf eigene Faust<\/h2>\n<p>[\/et_pb_text][et_pb_text _builder_version=&#8220;4.27.2&#8243; _module_preset=&#8220;default&#8220; text_font=&#8220;|300|||||||&#8220; text_text_color=&#8220;#000000&#8243; text_font_size=&#8220;1.2vw&#8220; link_font=&#8220;||||on||||&#8220; custom_padding=&#8220;20px||20px||true|false&#8220; text_font_size_tablet=&#8220;2vw&#8220; text_font_size_phone=&#8220;4vw&#8220; text_font_size_last_edited=&#8220;on|tablet&#8220; global_colors_info=&#8220;{}&#8220;]<\/p>\n<p>Denn es gibt Erlebnisse, die Sie hautnah miterleben m\u00f6chten: Seien Sie Ihr eigener Kapit\u00e4n, indem Sie unser Motorboot mieten. Mit einer Kapazit\u00e4t von bis zu 5 Personen ist diese Option perfekt, um Ihre Familie oder Freunde an Bord unseres 80Cv-Boots zu nehmen.<br \/>Fuerteventura in Ihrem eigenen Tempo, in Ihrem eigenen Rhythmus: Wir stellen das Boot zur Verf\u00fcgung, Sie gestalten die Geschichte, die Sie wollen, mit ihm.<\/p>\n<p>[\/et_pb_text][et_pb_text _builder_version=&#8220;4.27.2&#8243; _module_preset=&#8220;default&#8220; text_font=&#8220;|700|||||||&#8220; text_text_color=&#8220;#02577F&#8220; text_font_size=&#8220;1.4vw&#8220; link_font=&#8220;||||on||||&#8220; custom_margin=&#8220;20px||20px||true|false&#8220; text_font_size_tablet=&#8220;2vw&#8220; text_font_size_phone=&#8220;4vw&#8220; text_font_size_last_edited=&#8220;on|tablet&#8220; global_colors_info=&#8220;{}&#8220;]<\/p>\n<p>Kapit\u00e4nspatent erforderlich.<\/p>\n<p>[\/et_pb_text][et_pb_text _builder_version=&#8220;4.27.2&#8243; _module_preset=&#8220;default&#8220; text_font=&#8220;|700|||||||&#8220; text_text_color=&#8220;#02577F&#8220; text_font_size=&#8220;1.4vw&#8220; link_font=&#8220;||||on||||&#8220; custom_margin=&#8220;20px||20px||true|false&#8220; text_font_size_tablet=&#8220;2vw&#8220; text_font_size_phone=&#8220;4vw&#8220; text_font_size_last_edited=&#8220;on|tablet&#8220; global_colors_info=&#8220;{}&#8220;]<\/p>\n<p>Die angegebenen Preise verstehen sich ohne Treibstoffverbrauch und ohne Skipper.<\/p>\n<p>[\/et_pb_text][et_pb_text _builder_version=&#8220;4.27.2&#8243; _module_preset=&#8220;default&#8220; text_font=&#8220;|700|||||||&#8220; text_text_color=&#8220;#02577F&#8220; text_font_size=&#8220;1.4vw&#8220; link_font=&#8220;||||on||||&#8220; custom_margin=&#8220;20px||20px||true|false&#8220; text_font_size_tablet=&#8220;2vw&#8220; text_font_size_phone=&#8220;4vw&#8220; text_font_size_last_edited=&#8220;on|tablet&#8220; global_colors_info=&#8220;{}&#8220;]<\/p>\n<p>Dauer<\/p>\n<p>[\/et_pb_text][et_pb_text _builder_version=&#8220;4.27.2&#8243; _module_preset=&#8220;default&#8220; text_font=&#8220;|300|||||||&#8220; text_text_color=&#8220;#000000&#8243; text_font_size=&#8220;1.2vw&#8220; link_font=&#8220;||||on||||&#8220; text_font_size_tablet=&#8220;2vw&#8220; text_font_size_phone=&#8220;4vw&#8220; text_font_size_last_edited=&#8220;on|tablet&#8220; global_colors_info=&#8220;{}&#8220;]<\/p>\n<p>5h<\/p>\n<p>[\/et_pb_text][et_pb_text _builder_version=&#8220;4.27.2&#8243; _module_preset=&#8220;default&#8220; text_font=&#8220;|700|||||||&#8220; text_text_color=&#8220;#02577F&#8220; text_font_size=&#8220;1.4vw&#8220; link_font=&#8220;||||on||||&#8220; custom_margin=&#8220;20px||20px||true|false&#8220; text_font_size_tablet=&#8220;2vw&#8220; text_font_size_phone=&#8220;4vw&#8220; text_font_size_last_edited=&#8220;on|tablet&#8220; global_colors_info=&#8220;{}&#8220;]<\/p>\n<p>Preis f\u00fcr 4 Personen<\/p>\n<p>[\/et_pb_text][et_pb_text _builder_version=&#8220;4.27.2&#8243; _module_preset=&#8220;default&#8220; text_font=&#8220;|300|||||||&#8220; text_text_color=&#8220;#000000&#8243; text_font_size=&#8220;1.2vw&#8220; link_font=&#8220;||||on||||&#8220; text_font_size_tablet=&#8220;2vw&#8220; text_font_size_phone=&#8220;4vw&#8220; text_font_size_last_edited=&#8220;on|tablet&#8220; global_colors_info=&#8220;{}&#8220;]3 Stunden = 230 \u20ac<br \/>\n5 Stunden= 330 \u20ac 330 \u20ac[\/et_pb_text][et_pb_button button_url=&#8220;https:\/\/fareharbor.com\/embeds\/book\/floundersailing\/items\/307567\/calendar\/2024\/11\/?full-items=yes&amp;back=https:\/\/flounder-sailing.com\/%3Fvc_editable%3Dtrue%26vc_post_id%3D3453%26_vcnonce%3D1774b6a94c&amp;g4=yes&#8220; url_new_window=&#8220;on&#8220; button_text=&#8220;MIETEN SIE UNSER MOTORBOOT&#8220; button_alignment=&#8220;left&#8220; _builder_version=&#8220;4.27.2&#8243; _module_preset=&#8220;default&#8220; custom_button=&#8220;on&#8220; button_text_size=&#8220;16px&#8220; button_text_color=&#8220;#FFFFFF&#8220; button_bg_color=&#8220;#02577F&#8220; button_border_radius=&#8220;13px&#8220; custom_margin=&#8220;20px||||false|false&#8220; custom_padding=&#8220;10px|40px|10px|40px|true|true&#8220; global_colors_info=&#8220;{}&#8220;][\/et_pb_button][\/et_pb_column][et_pb_column type=&#8220;1_2&#8243; _builder_version=&#8220;4.27.2&#8243; _module_preset=&#8220;default&#8220; custom_padding=&#8220;|||50px|false|false&#8220; custom_padding_tablet=&#8220;|||0px|false|false&#8220; custom_padding_phone=&#8220;|||0px|false|false&#8220; custom_padding_last_edited=&#8220;on|tablet&#8220; global_colors_info=&#8220;{}&#8220;][et_pb_image src=&#8220;https:\/\/flounder-sailing.com\/wp-content\/uploads\/2024\/11\/flounder4-proa-2.jpg&#8220; title_text=&#8220;flunder4-proa-2&#8243; show_bottom_space=&#8220;off&#8220; align_tablet=&#8220;&#8220; align_phone=&#8220;center&#8220; align_last_edited=&#8220;on|phone&#8220; _builder_version=&#8220;4.27.2&#8243; _module_preset=&#8220;default&#8220; custom_margin=&#8220;||20px||false|false&#8220; custom_margin_tablet=&#8220;||20px||false|false&#8220; custom_margin_phone=&#8220;||20px||false|false&#8220; custom_margin_last_edited=&#8220;on|phone&#8220; global_colors_info=&#8220;{}&#8220;][\/et_pb_image][et_pb_image src=&#8220;https:\/\/flounder-sailing.com\/wp-content\/uploads\/2024\/11\/flounder4-puente.jpg&#8220; title_text=&#8220;flunder4-bridge&#8220; _builder_version=&#8220;4.27.2&#8243; _module_preset=&#8220;default&#8220; global_colors_info=&#8220;{}&#8220;][\/et_pb_image][\/et_pb_column][\/et_pb_row][\/et_pb_section]<\/p>\n","protected":false},"excerpt":{"rendered":"<p>Motorboot mieten inin Morro Jable, FuerteventuraLeben auf Fuerteventuraauf eigene FaustDenn es gibt Erlebnisse, die Sie hautnah miterleben m\u00f6chten: Seien Sie Ihr eigener Kapit\u00e4n, indem Sie unser Motorboot mieten. Mit einer Kapazit\u00e4t von bis zu 5 Personen ist diese Option perfekt, um Ihre Familie oder Freunde an Bord unseres 80Cv-Boots zu nehmen.Fuerteventura in Ihrem eigenen Tempo, [&hellip;]<\/p>\n","protected":false},"author":2,"featured_media":0,"parent":0,"menu_order":0,"comment_status":"closed","ping_status":"closed","template":"","meta":{"_et_pb_use_builder":"on","_et_pb_old_content":"","_et_gb_content_width":"","footnotes":""},"class_list":["post-478","page","type-page","status-publish","hentry"],"_links":{"self":[{"href":"https:\/\/flounder-sailing.com\/de\/wp-json\/wp\/v2\/pages\/478","targetHints":{"allow":["GET"]}}],"collection":[{"href":"https:\/\/flounder-sailing.com\/de\/wp-json\/wp\/v2\/pages"}],"about":[{"href":"https:\/\/flounder-sailing.com\/de\/wp-json\/wp\/v2\/types\/page"}],"author":[{"embeddable":true,"href":"https:\/\/flounder-sailing.com\/de\/wp-json\/wp\/v2\/users\/2"}],"replies":[{"embeddable":true,"href":"https:\/\/flounder-sailing.com\/de\/wp-json\/wp\/v2\/comments?post=478"}],"version-history":[{"count":4,"href":"https:\/\/flounder-sailing.com\/de\/wp-json\/wp\/v2\/pages\/478\/revisions"}],"predecessor-version":[{"id":1754,"href":"https:\/\/flounder-sailing.com\/de\/wp-json\/wp\/v2\/pages\/478\/revisions\/1754"}],"wp:attachment":[{"href":"https:\/\/flounder-sailing.com\/de\/wp-json\/wp\/v2\/media?parent=478"}],"curies":[{"name":"wp","href":"https:\/\/api.w.org\/{rel}","templated":true}]}}