{"id":493,"date":"2024-10-29T16:52:21","date_gmt":"2024-10-29T16:52:21","guid":{"rendered":"https:\/\/flounder-sailing.com\/startseite"},"modified":"2025-02-01T19:46:25","modified_gmt":"2025-02-01T19:46:25","slug":"startseite","status":"publish","type":"page","link":"https:\/\/flounder-sailing.com\/de","title":{"rendered":"Startseite"},"content":{"rendered":"<p>[et_pb_section fb_built=&#8220;1&#8243; fullwidth=&#8220;on&#8220; disabled_on=&#8220;on|on|off&#8220; _builder_version=&#8220;4.27.2&#8243; _module_preset=&#8220;default&#8220; global_colors_info=&#8220;{}&#8220;][et_pb_fullwidth_header header_fullscreen=&#8220;on&#8220; _builder_version=&#8220;4.27.2&#8243; _module_preset=&#8220;default&#8220; background_enable_color=&#8220;off&#8220; custom_margin_tablet=&#8220;&#8220; custom_margin_phone=&#8220;&#8220; custom_margin_last_edited=&#8220;on|phone&#8220; custom_padding_last_edited=&#8220;off|phone&#8220; hover_enabled=&#8220;0&#8243; global_colors_info=&#8220;{}&#8220; background_enable_image=&#8220;off&#8220; background_video_mp4=&#8220;https:\/\/youtu.be\/sHkIeyv_-do&#8220; sticky_enabled=&#8220;0&#8243;][\/et_pb_fullwidth_header][\/et_pb_section][et_pb_section fb_built=&#8220;1&#8243; fullwidth=&#8220;on&#8220; disabled_on=&#8220;off|off|on&#8220; _builder_version=&#8220;4.27.2&#8243; _module_preset=&#8220;default&#8220; global_colors_info=&#8220;{}&#8220;][et_pb_fullwidth_header disabled_on=&#8220;off|off|off&#8220; _builder_version=&#8220;4.27.2&#8243; _module_preset=&#8220;default&#8220; background_enable_color=&#8220;off&#8220; background_image=&#8220;https:\/\/flounder-sailing.com\/wp-content\/uploads\/2024\/11\/DSC07643-scaled.jpg&#8220; background_enable_video_mp4=&#8220;off&#8220; custom_margin_tablet=&#8220;&#8220; custom_margin_phone=&#8220;&#8220; custom_margin_last_edited=&#8220;on|phone&#8220; custom_padding=&#8220;150px||150px||true|false&#8220; custom_padding_last_edited=&#8220;off|phone&#8220; global_colors_info=&#8220;{}&#8220;][\/et_pb_fullwidth_header][\/et_pb_section][et_pb_section fb_built=&#8220;1&#8243; custom_padding_last_edited=&#8220;on|phone&#8220; _builder_version=&#8220;4.27.2&#8243; _module_preset=&#8220;default&#8220; custom_padding_tablet=&#8220;&#8220; custom_padding_phone=&#8220;0px||0px||true|false&#8220; global_colors_info=&#8220;{}&#8220;][et_pb_row _builder_version=&#8220;4.27.2&#8243; _module_preset=&#8220;default&#8220; global_colors_info=&#8220;{}&#8220;][et_pb_column type=&#8220;4_4&#8243; _builder_version=&#8220;4.27.2&#8243; _module_preset=&#8220;default&#8220; global_colors_info=&#8220;{}&#8220;][et_pb_text _builder_version=&#8220;4.27.2&#8243; _module_preset=&#8220;default&#8220; header_font=&#8220;|700||on|||||&#8220; header_text_align=&#8220;center&#8220; header_text_color=&#8220;#02577F&#8220; header_font_size=&#8220;53px&#8220; custom_margin=&#8220;||16px|||&#8220; header_font_size_tablet=&#8220;36px&#8220; header_font_size_phone=&#8220;34px&#8220; header_font_size_last_edited=&#8220;on|phone&#8220; global_colors_info=&#8220;{}&#8220;]<\/p>\n<h1>Ausfl\u00fcge auf luxuri\u00f6sen Segelyachten<\/h1>\n<p>[\/et_pb_text][et_pb_text _builder_version=&#8220;4.27.2&#8243; _module_preset=&#8220;default&#8220; header_font=&#8220;EgostaLight|300|||||||&#8220; header_text_align=&#8220;center&#8220; header_text_color=&#8220;#02577F&#8220; header_font_size=&#8220;46px&#8220; custom_margin_tablet=&#8220;&#8220; custom_margin_phone=&#8220;-16px||||false|false&#8220; custom_margin_last_edited=&#8220;on|phone&#8220; custom_padding_tablet=&#8220;&#8220; custom_padding_phone=&#8220;0px||||false|false&#8220; custom_padding_last_edited=&#8220;on|phone&#8220; header_font_size_tablet=&#8220;30px&#8220; header_font_size_phone=&#8220;20px&#8220; header_font_size_last_edited=&#8220;on|phone&#8220; global_colors_info=&#8220;{}&#8220;]<\/p>\n<h1>UND MOTORBOOTVERLEIH<\/h1>\n<p>[\/et_pb_text][et_pb_text _builder_version=&#8220;4.27.2&#8243; _module_preset=&#8220;default&#8220; text_font=&#8220;|700||on|||||&#8220; text_text_color=&#8220;#000000&#8243; text_font_size=&#8220;16px&#8220; text_orientation=&#8220;center&#8220; custom_margin_tablet=&#8220;&#8220; custom_margin_phone=&#8220;-15px||||false|false&#8220; custom_margin_last_edited=&#8220;on|phone&#8220; custom_padding_tablet=&#8220;&#8220; custom_padding_phone=&#8220;0px||||false|false&#8220; custom_padding_last_edited=&#8220;on|phone&#8220; text_font_size_tablet=&#8220;16px&#8220; text_font_size_phone=&#8220;12px&#8220; text_font_size_last_edited=&#8220;on|phone&#8220; global_colors_info=&#8220;{}&#8220;]<\/p>\n<p>Morro Jable | Insel Fuerteventura<\/p>\n<p>[\/et_pb_text][\/et_pb_column][\/et_pb_row][\/et_pb_section][et_pb_section fb_built=&#8220;1&#8243; _builder_version=&#8220;4.27.2&#8243; _module_preset=&#8220;default&#8220; background_color=&#8220;#02577F&#8220; bottom_divider_style=&#8220;wave&#8220; bottom_divider_color=&#8220;#FFFFFF&#8220; bottom_divider_height_tablet=&#8220;&#8220; bottom_divider_height_phone=&#8220;50px&#8220; bottom_divider_height_last_edited=&#8220;on|phone&#8220; global_colors_info=&#8220;{}&#8220;][et_pb_row column_structure=&#8220;1_2,1_2&#8243; _builder_version=&#8220;4.27.2&#8243; _module_preset=&#8220;default&#8220; global_colors_info=&#8220;{}&#8220;][et_pb_column type=&#8220;1_2&#8243; _builder_version=&#8220;4.27.2&#8243; _module_preset=&#8220;default&#8220; global_colors_info=&#8220;{}&#8220;][et_pb_text _builder_version=&#8220;4.27.2&#8243; _module_preset=&#8220;default&#8220; header_2_font=&#8220;|||on|||||&#8220; header_2_text_align=&#8220;right&#8220; header_2_text_color=&#8220;#FFFFFF&#8220; header_2_font_size=&#8220;3vw&#8220; custom_margin=&#8220;||0px||false|false&#8220; custom_padding=&#8220;||0px||false|false&#8220; header_2_text_align_tablet=&#8220;right&#8220; header_2_text_align_phone=&#8220;left&#8220; header_2_text_align_last_edited=&#8220;on|phone&#8220; header_2_font_size_tablet=&#8220;5vw&#8220; header_2_font_size_phone=&#8220;7vw&#8220; header_2_font_size_last_edited=&#8220;on|phone&#8220; global_colors_info=&#8220;{}&#8220;]<\/p>\n<h2>Erleben Sie das Beste von Fuerteventura:<\/h2>\n<p>[\/et_pb_text][et_pb_text _builder_version=&#8220;4.27.2&#8243; _module_preset=&#8220;default&#8220; header_2_font=&#8220;EgostaLight|||on|||||&#8220; header_2_text_align=&#8220;right&#8220; header_2_text_color=&#8220;#FFFFFF&#8220; header_2_font_size=&#8220;2.5vw&#8220; custom_margin=&#8220;-8px||||false|false&#8220; custom_padding=&#8220;0px||||false|false&#8220; header_2_text_align_tablet=&#8220;right&#8220; header_2_text_align_phone=&#8220;left&#8220; header_2_text_align_last_edited=&#8220;on|phone&#8220; header_2_font_size_tablet=&#8220;4vw&#8220; header_2_font_size_phone=&#8220;6vw&#8220; header_2_font_size_last_edited=&#8220;on|tablet&#8220; global_colors_info=&#8220;{}&#8220;]<\/p>\n<h2>sein Meer und seine herrlichen Str\u00e4nde an Bord einer Segelyacht<\/h2>\n<p>[\/et_pb_text][et_pb_text _builder_version=&#8220;4.27.2&#8243; _module_preset=&#8220;default&#8220; text_font=&#8220;|300|||||||&#8220; text_text_color=&#8220;#FFFFFF&#8220; text_font_size=&#8220;1.2vw&#8220; text_orientation=&#8220;right&#8220; text_font_size_tablet=&#8220;2vw&#8220; text_font_size_phone=&#8220;4vw&#8220; text_font_size_last_edited=&#8220;on|tablet&#8220; text_orientation_tablet=&#8220;right&#8220; text_orientation_phone=&#8220;left&#8220; text_orientation_last_edited=&#8220;on|phone&#8220; global_colors_info=&#8220;{}&#8220;]<\/p>\n<p>Fuerteventura, der Strand der Kanarischen Inseln. Dies ist der Name dieser Insel, deren spektakul\u00e4re Str\u00e4nde und kristallklares Meer Sie schon bei Ihrer Ankunft in ihren Bann ziehen werden. Wie k\u00f6nnte man den gr\u00f6\u00dften Schatz der Insel besser genie\u00dfen als vom Meer aus?<\/p>\n<p>[\/et_pb_text][\/et_pb_column][et_pb_column type=&#8220;1_2&#8243; _builder_version=&#8220;4.27.2&#8243; _module_preset=&#8220;default&#8220; global_colors_info=&#8220;{}&#8220;][et_pb_image src=&#8220;https:\/\/flounder-sailing.com\/wp-content\/uploads\/2024\/11\/Diseno-sin-titulo-29.jpg&#8220; title_text=&#8220;Flundernsegeln&#8220; _builder_version=&#8220;4.27.2&#8243; _module_preset=&#8220;default&#8220; global_colors_info=&#8220;{}&#8220;][\/et_pb_image][\/et_pb_column][\/et_pb_row][\/et_pb_section][et_pb_section fb_built=&#8220;1&#8243; _builder_version=&#8220;4.27.2&#8243; _module_preset=&#8220;default&#8220; background_color=&#8220;#FFFFFF&#8220; bottom_divider_style=&#8220;wave&#8220; bottom_divider_color=&#8220;#FFFFFF&#8220; global_colors_info=&#8220;{}&#8220;][et_pb_row column_structure=&#8220;1_2,1_2&#8243; _builder_version=&#8220;4.27.2&#8243; _module_preset=&#8220;default&#8220; global_colors_info=&#8220;{}&#8220;][et_pb_column type=&#8220;1_2&#8243; _builder_version=&#8220;4.27.2&#8243; _module_preset=&#8220;default&#8220; global_colors_info=&#8220;{}&#8220;][et_pb_image src=&#8220;https:\/\/flounder-sailing.com\/wp-content\/uploads\/2024\/11\/DSC07643-scaled.jpg&#8220; title_text=&#8220;Flundernsegeln2&#8243; _builder_version=&#8220;4.27.2&#8243; _module_preset=&#8220;default&#8220; global_colors_info=&#8220;{}&#8220;][\/et_pb_image][et_pb_image src=&#8220;https:\/\/flounder-sailing.com\/wp-content\/uploads\/2024\/11\/GOPR0660-2-1-scaled.jpg&#8220; title_text=&#8220;Flundernsegeln2&#8243; _builder_version=&#8220;4.27.2&#8243; _module_preset=&#8220;default&#8220; global_colors_info=&#8220;{}&#8220;][\/et_pb_image][\/et_pb_column][et_pb_column type=&#8220;1_2&#8243; _builder_version=&#8220;4.27.2&#8243; _module_preset=&#8220;default&#8220; global_colors_info=&#8220;{}&#8220;][et_pb_text _builder_version=&#8220;4.27.2&#8243; _module_preset=&#8220;default&#8220; header_2_font=&#8220;|||on|||||&#8220; header_2_text_align=&#8220;left&#8220; header_2_text_color=&#8220;#02577F&#8220; header_2_font_size=&#8220;3vw&#8220; custom_margin=&#8220;||0px||false|false&#8220; custom_padding=&#8220;||0px||false|false&#8220; header_2_font_size_tablet=&#8220;5vw&#8220; header_2_font_size_phone=&#8220;7vw&#8220; header_2_font_size_last_edited=&#8220;on|tablet&#8220; global_colors_info=&#8220;{}&#8220;]<\/p>\n<h2>Segelt\u00f6rns nach Orten<\/h2>\n<p>[\/et_pb_text][et_pb_text _builder_version=&#8220;4.27.2&#8243; _module_preset=&#8220;default&#8220; header_2_font=&#8220;EgostaLight|||on|||||&#8220; header_2_text_align=&#8220;left&#8220; header_2_text_color=&#8220;#02577F&#8220; header_2_font_size=&#8220;2.5vw&#8220; custom_margin=&#8220;-8px||||false|false&#8220; custom_padding=&#8220;0px||||false|false&#8220; header_2_font_size_tablet=&#8220;4vw&#8220; header_2_font_size_phone=&#8220;6vw&#8220; header_2_font_size_last_edited=&#8220;on|tablet&#8220; global_colors_info=&#8220;{}&#8220;]<\/p>\n<h2>oder in exklusiver privater Gruppe in Morro Jable<\/h2>\n<p>[\/et_pb_text][et_pb_text _builder_version=&#8220;4.27.2&#8243; _module_preset=&#8220;default&#8220; text_font=&#8220;|300|||||||&#8220; text_text_color=&#8220;#000000&#8243; text_font_size=&#8220;1.2vw&#8220; link_font=&#8220;||||on||||&#8220; text_font_size_tablet=&#8220;2vw&#8220; text_font_size_phone=&#8220;4vw&#8220; text_font_size_last_edited=&#8220;on|tablet&#8220; global_colors_info=&#8220;{}&#8220;]<\/p>\n<p>Wir sind <strong>Flounder Sailing<\/strong>, eine Leidenschaft f\u00fcr das Meer, und wir bringen Sie auf <strong>unseren privaten oder Gruppenausfl\u00fcgen<\/strong> zu einem unvergesslichen Erlebnis auf Fuerteventura. <strong>Die Beobachtung von Walen oder Delfinen<\/strong>, das <strong>Gef\u00fchl,<\/strong> an Bord eines unserer Boote zu <strong>segeln<\/strong>, w\u00e4hrend Sie die Brise und die sanfte Sonne unserer Insel sp\u00fcren: Das ist es, was allem, was wir tun, einen Sinn gibt. Denn wir sind viel mehr als nur Ausfl\u00fcge: Wir <strong>m\u00f6chten, dass Sie unvergessliche Erinnerungen an unsere Insel Fuerteventura mitnehmen.<\/strong><\/p>\n<p>Vielleicht m\u00f6chten Sie dies w\u00e4hrend einer <a href=\"https:\/\/flounder-sailing.com\/de\/gruppenausflug\"><strong>Gruppenausflug von einigen Stunden <\/strong><\/a>. Oder, dass Sie einen <a href=\"https:\/\/flounder-sailing.com\/de\/privater-ausflug\"><strong>einen privaten Ausflug <\/strong><\/a><strong>mit Ihren Freunden oder Ihrer Familie<\/strong>. Vielleicht m\u00f6chten Sie auch <a href=\"https:\/\/flounder-sailing.com\/de\/motorbootverleih\"><strong>unser Motorboot mieten<\/strong><\/a> um Ihr eigenes Abenteuer auf Ihre eigene Art zu erleben.<\/p>\n<p><strong>Wie auch immer, Flounder Sailing hat genau das, was Sie brauchen:<\/strong> Deshalb haben wir bereits fast 4000 Kunden mit einem L\u00e4cheln auf dem Gesicht auf unsere Boote steigen und wieder absteigen lassen!<\/p>\n<p>[\/et_pb_text][\/et_pb_column][\/et_pb_row][et_pb_row column_structure=&#8220;1_2,1_2&#8243; _builder_version=&#8220;4.27.2&#8243; _module_preset=&#8220;default&#8220; global_colors_info=&#8220;{}&#8220;][et_pb_column type=&#8220;1_2&#8243; _builder_version=&#8220;4.27.2&#8243; _module_preset=&#8220;default&#8220; global_colors_info=&#8220;{}&#8220;][et_pb_button button_url=&#8220;@ET-DC@eyJkeW5hbWljIjp0cnVlLCJjb250ZW50IjoicG9zdF9saW5rX3VybF9wYWdlIiwic2V0dGluZ3MiOnsicG9zdF9pZCI6IjEzIn19@&#8220; button_text=&#8220;ENTDECKEN SIE UNSERE AUSFL\u00dcGE  &#8220; button_alignment=&#8220;center&#8220; _builder_version=&#8220;4.27.2&#8243; _dynamic_attributes=&#8220;button_url&#8220; _module_preset=&#8220;default&#8220; custom_button=&#8220;on&#8220; button_text_color=&#8220;#FFFFFF&#8220; button_bg_color=&#8220;#02577F&#8220; button_border_radius=&#8220;23px&#8220; custom_padding=&#8220;20px|40px|20px|40px|true|true&#8220; global_colors_info=&#8220;{}&#8220;][\/et_pb_button][\/et_pb_column][et_pb_column type=&#8220;1_2&#8243; _builder_version=&#8220;4.27.2&#8243; _module_preset=&#8220;default&#8220; global_colors_info=&#8220;{}&#8220;][et_pb_button button_url=&#8220;@ET-DC@eyJkeW5hbWljIjp0cnVlLCJjb250ZW50IjoicG9zdF9saW5rX3VybF9wYWdlIiwic2V0dGluZ3MiOnsicG9zdF9pZCI6IjE0In19@&#8220; button_text=&#8220;ENTDECKEN SIE UNSERE BOOTE  &#8220; button_alignment=&#8220;center&#8220; _builder_version=&#8220;4.27.2&#8243; _dynamic_attributes=&#8220;button_url&#8220; _module_preset=&#8220;default&#8220; custom_button=&#8220;on&#8220; button_text_color=&#8220;#FFFFFF&#8220; button_bg_color=&#8220;#02577F&#8220; button_border_radius=&#8220;23px&#8220; custom_padding=&#8220;20px|40px|20px|40px|true|true&#8220; global_colors_info=&#8220;{}&#8220;][\/et_pb_button][\/et_pb_column][\/et_pb_row][\/et_pb_section][et_pb_section fb_built=&#8220;1&#8243; _builder_version=&#8220;4.27.2&#8243; _module_preset=&#8220;default&#8220; background_color=&#8220;#FAFAFA&#8220; background_image=&#8220;https:\/\/flounder-sailing.com\/wp-content\/uploads\/2024\/10\/comillas.jpg&#8220; background_size=&#8220;initial&#8220; background_position=&#8220;top_right&#8220; background_horizontal_offset=&#8220;28%&#8220; bottom_divider_color=&#8220;#FFFFFF&#8220; background_last_edited=&#8220;on|phone&#8220; background_enable_image_phone=&#8220;off&#8220; global_colors_info=&#8220;{}&#8220;][et_pb_row column_structure=&#8220;1_2,1_2&#8243; use_custom_gutter=&#8220;on&#8220; make_equal=&#8220;on&#8220; _builder_version=&#8220;4.27.2&#8243; _module_preset=&#8220;default&#8220; background_enable_image=&#8220;off&#8220; background_size=&#8220;initial&#8220; background_position=&#8220;top_right&#8220; global_colors_info=&#8220;{}&#8220;][et_pb_column type=&#8220;1_2&#8243; module_class=&#8220;ds-vertical-align&#8220; _builder_version=&#8220;4.27.2&#8243; _module_preset=&#8220;default&#8220; global_colors_info=&#8220;{}&#8220;][et_pb_text _builder_version=&#8220;4.27.2&#8243; _module_preset=&#8220;default&#8220; header_2_font=&#8220;|||on|||||&#8220; header_2_text_align=&#8220;left&#8220; header_2_text_color=&#8220;#02577F&#8220; header_2_font_size=&#8220;3vw&#8220; custom_margin=&#8220;||0px||false|false&#8220; custom_padding=&#8220;||0px||false|false&#8220; header_2_font_size_tablet=&#8220;5vw&#8220; header_2_font_size_phone=&#8220;7vw&#8220; header_2_font_size_last_edited=&#8220;on|tablet&#8220; global_colors_info=&#8220;{}&#8220;]<\/p>\n<h2>Flunder Segeln:  <\/h2>\n<p>[\/et_pb_text][et_pb_text _builder_version=&#8220;4.27.2&#8243; _module_preset=&#8220;default&#8220; header_2_font=&#8220;EgostaLight|||on|||||&#8220; header_2_text_align=&#8220;left&#8220; header_2_text_color=&#8220;#02577F&#8220; header_2_font_size=&#8220;2.5vw&#8220; custom_margin=&#8220;-8px||||false|false&#8220; custom_padding=&#8220;0px||||false|false&#8220; header_2_font_size_tablet=&#8220;5vw&#8220; header_2_font_size_phone=&#8220;7vw&#8220; header_2_font_size_last_edited=&#8220;on|tablet&#8220; global_colors_info=&#8220;{}&#8220;]<\/p>\n<h2>Meinungen unserer Kunden<\/h2>\n<p>[\/et_pb_text][et_pb_text _builder_version=&#8220;4.27.2&#8243; _module_preset=&#8220;default&#8220; text_font=&#8220;|700|||||||&#8220; text_text_color=&#8220;#000000&#8243; text_font_size=&#8220;1.2vw&#8220; link_font=&#8220;||||on||||&#8220; text_font_size_tablet=&#8220;2vw&#8220; text_font_size_phone=&#8220;4vw&#8220; text_font_size_last_edited=&#8220;on|tablet&#8220; global_colors_info=&#8220;{}&#8220;]<\/p>\n<p>Es liegt nicht an uns, sondern an unseren Kunden: Sie werden das Segeln mit Flounder Sailing lieben!<\/p>\n<p>[\/et_pb_text][et_pb_button button_url=&#8220;@ET-DC@eyJkeW5hbWljIjp0cnVlLCJjb250ZW50IjoicG9zdF9saW5rX3VybF9wYWdlIiwic2V0dGluZ3MiOnsicG9zdF9pZCI6IjEzIn19@&#8220; button_text=&#8220;Ich m\u00f6chte es ausprobieren!  &#8220; button_alignment=&#8220;left&#8220; _builder_version=&#8220;4.27.2&#8243; _dynamic_attributes=&#8220;button_url&#8220; _module_preset=&#8220;default&#8220; custom_button=&#8220;on&#8220; button_text_size=&#8220;16px&#8220; button_text_color=&#8220;#FFFFFF&#8220; button_bg_color=&#8220;#02577F&#8220; button_border_radius=&#8220;13px&#8220; custom_padding=&#8220;10px|40px|10px|40px|true|true&#8220; global_colors_info=&#8220;{}&#8220;][\/et_pb_button][\/et_pb_column][et_pb_column type=&#8220;1_2&#8243; _builder_version=&#8220;4.27.2&#8243; _module_preset=&#8220;default&#8220; background_enable_image=&#8220;off&#8220; background_size=&#8220;contain&#8220; background_position=&#8220;top_left&#8220; global_colors_info=&#8220;{}&#8220;][et_pb_slider _builder_version=&#8220;4.27.2&#8243; _module_preset=&#8220;default&#8220; auto=&#8220;on&#8220; global_colors_info=&#8220;{}&#8220;][et_pb_slide admin_title=&#8220;Arnau y Carla&#8220; _builder_version=&#8220;4.27.2&#8243; _module_preset=&#8220;default&#8220; body_text_color=&#8220;#02577F&#8220; background_color=&#8220;RGBA(255,255,255,0)&#8220; background_enable_color=&#8220;on&#8220; background_layout=&#8220;light&#8220; global_colors_info=&#8220;{}&#8220; sticky_transition=&#8220;on&#8220;]<\/p>\n<p><span style=\"color: #000000;\">&#8222;Wir haben eine private Tour genossen. Es war eine \u00dcberraschung zum Jahrestag. Es war ein gro\u00dfer Erfolg. Das Team war von Anfang an sehr aufmerksam. Wir wurden von Mandy empfangen. Und Jos\u00e9, der Skipper des Segelboots, war eine 10. Wir hatten das Gl\u00fcck (und dank Jos\u00e9s Professionalit\u00e4t), zwei Wale und eine gro\u00dfe Gruppe von Delfinen zu sehen. Danach ankerten wir vor einem Strand und gingen baden. In der Zwischenzeit hat Jos\u00e9 uns einen sehr guten Snack zubereitet. 200 % empfehlenswert.&#8220;<\/span><\/p>\n<p><strong>Arnau und Carla<\/strong><\/p>\n<p>[\/et_pb_slide][et_pb_slide admin_title=&#8220;Pinaceo&#8220; _builder_version=&#8220;4.27.2&#8243; _module_preset=&#8220;default&#8220; body_text_color=&#8220;#02577F&#8220; background_color=&#8220;RGBA(255,255,255,0)&#8220; background_enable_color=&#8220;on&#8220; background_layout=&#8220;light&#8220; global_colors_info=&#8220;{}&#8220; sticky_transition=&#8220;on&#8220;]<\/p>\n<p><span style=\"color: #000000;\">&#8222;Ein perfekter Abschluss f\u00fcr unsere Reise nach Fuerteventura. Jos\u00e9, der Skipper, ist ein echtes Ph\u00e4nomen und sorgt daf\u00fcr, dass man sich wie zu Hause f\u00fchlt \ud83d\ude42 Das beste Segeln der Stadt!<\/span><\/p>\n<p><strong>Pinaceo<\/strong><\/p>\n<p>[\/et_pb_slide][et_pb_slide admin_title=&#8220;Amanda&#8220; _builder_version=&#8220;4.27.2&#8243; _module_preset=&#8220;default&#8220; body_text_color=&#8220;#02577F&#8220; background_color=&#8220;RGBA(255,255,255,0)&#8220; background_enable_color=&#8220;on&#8220; background_layout=&#8220;light&#8220; global_colors_info=&#8220;{}&#8220; sticky_transition=&#8220;on&#8220;]<\/p>\n<p><span style=\"color: #000000;\">&#8222;Eine der besten Erfahrungen, die man auf Fuerteventura machen kann. Ein Segelboot, das durch die Wellen schneidet, ein Meer, das blauer nicht sein k\u00f6nnte, eine vulkanische Landschaft im Hintergrund, eine aufmerksame und charmante Crew, ein Getr\u00e4nk und ein k\u00f6stlicher Snack&#8230; Sie f\u00fchlen sich frei&#8230; und ab und zu taucht eine Schildkr\u00f6te, ein fliegender Fisch, Delfine&#8230; auf&#8230; Inklusive eines Zwischenstopps am Ufer im smaragdgr\u00fcnen Wasser zum Tauchen und Schnorcheln. \u00c4u\u00dferst empfehlenswert. Dauer 3h 30&#8242;.<\/span><br \/><span style=\"color: #000000;\">Vielen Dank f\u00fcr diese Erfahrung.<\/span><\/p>\n<p><strong>Amanda<\/strong><\/p>\n<p>[\/et_pb_slide][et_pb_slide admin_title=&#8220;Ana&#8220; _builder_version=&#8220;4.27.2&#8243; _module_preset=&#8220;default&#8220; body_text_color=&#8220;#02577F&#8220; background_enable_color=&#8220;off&#8220; background_layout=&#8220;light&#8220; global_colors_info=&#8220;{}&#8220; sticky_transition=&#8220;on&#8220;]<\/p>\n<p><span style=\"color: #000000;\">&#8222;Wir haben das Erlebnis wirklich genossen, wir haben Delfine gesehen, sind mit Mantarochen geschwommen und haben zum Abschluss einen Snack mit Wurst und K\u00e4se gegessen. Die Mitarbeiter waren lustig und aufmerksam, sehr empfehlenswert f\u00fcr jeden. Ein fantastischer Morgen.&#8220;<\/span><\/p>\n<p><strong>Ana<\/strong><\/p>\n<p>[\/et_pb_slide][et_pb_slide admin_title=&#8220;Mar\u00eda&#8220; _builder_version=&#8220;4.27.2&#8243; _module_preset=&#8220;default&#8220; body_text_color=&#8220;#02577F&#8220; background_color=&#8220;RGBA(255,255,255,0)&#8220; background_enable_color=&#8220;on&#8220; background_layout=&#8220;light&#8220; global_colors_info=&#8220;{}&#8220; sticky_transition=&#8220;on&#8220;]<\/p>\n<p><span style=\"color: #000000;\">&#8222;Zweifellos ein Genuss f\u00fcr alle Sinne, ein Segelt\u00f6rn mit Flounder Sailing, einer der besten, die ich je erlebt habe, das Boot ist spektakul\u00e4r und die Crew sehr professionell, wir werden wiederkommen !!!!!&#8220;.<\/span><\/p>\n<p><strong>Maria<\/strong><\/p>\n<p>[\/et_pb_slide][\/et_pb_slider][\/et_pb_column][\/et_pb_row][\/et_pb_section]<\/p>\n","protected":false},"excerpt":{"rendered":"<p>Ausfl\u00fcge auf luxuri\u00f6sen SegelyachtenUND MOTORBOOTVERLEIHMorro Jable | Insel FuerteventuraErleben Sie das Beste von Fuerteventura:sein Meer und seine herrlichen Str\u00e4nde an Bord einer SegelyachtFuerteventura, der Strand der Kanarischen Inseln. Dies ist der Name dieser Insel, deren spektakul\u00e4re Str\u00e4nde und kristallklares Meer Sie schon bei Ihrer Ankunft in ihren Bann ziehen werden. Wie k\u00f6nnte man den gr\u00f6\u00dften [&hellip;]<\/p>\n","protected":false},"author":2,"featured_media":0,"parent":0,"menu_order":0,"comment_status":"closed","ping_status":"closed","template":"","meta":{"_et_pb_use_builder":"on","_et_pb_old_content":"","_et_gb_content_width":"","footnotes":""},"class_list":["post-493","page","type-page","status-publish","hentry"],"_links":{"self":[{"href":"https:\/\/flounder-sailing.com\/de\/wp-json\/wp\/v2\/pages\/493","targetHints":{"allow":["GET"]}}],"collection":[{"href":"https:\/\/flounder-sailing.com\/de\/wp-json\/wp\/v2\/pages"}],"about":[{"href":"https:\/\/flounder-sailing.com\/de\/wp-json\/wp\/v2\/types\/page"}],"author":[{"embeddable":true,"href":"https:\/\/flounder-sailing.com\/de\/wp-json\/wp\/v2\/users\/2"}],"replies":[{"embeddable":true,"href":"https:\/\/flounder-sailing.com\/de\/wp-json\/wp\/v2\/comments?post=493"}],"version-history":[{"count":8,"href":"https:\/\/flounder-sailing.com\/de\/wp-json\/wp\/v2\/pages\/493\/revisions"}],"predecessor-version":[{"id":1016,"href":"https:\/\/flounder-sailing.com\/de\/wp-json\/wp\/v2\/pages\/493\/revisions\/1016"}],"wp:attachment":[{"href":"https:\/\/flounder-sailing.com\/de\/wp-json\/wp\/v2\/media?parent=493"}],"curies":[{"name":"wp","href":"https:\/\/api.w.org\/{rel}","templated":true}]}}