{"id":508,"date":"2024-11-07T08:48:49","date_gmt":"2024-11-07T08:48:49","guid":{"rendered":"https:\/\/flounder-sailing.com\/cookie-richtlinie-und-rechtlicher-hinweis"},"modified":"2024-12-03T11:07:30","modified_gmt":"2024-12-03T11:07:30","slug":"cookie-richtlinie-und-rechtlicher-hinweis","status":"publish","type":"page","link":"https:\/\/flounder-sailing.com\/de\/cookie-richtlinie-und-rechtlicher-hinweis","title":{"rendered":"COOKIE-RICHTLINIE UND RECHTLICHER HINWEIS"},"content":{"rendered":"<p>[et_pb_section fb_built=&#8220;1&#8243; theme_builder_area=&#8220;post_content&#8220; _builder_version=&#8220;4.27.2&#8243; _module_preset=&#8220;default&#8220;][et_pb_row _builder_version=&#8220;4.27.2&#8243; _module_preset=&#8220;default&#8220; theme_builder_area=&#8220;post_content&#8220;][et_pb_column _builder_version=&#8220;4.27.2&#8243; _module_preset=&#8220;default&#8220; type=&#8220;4_4&#8243; theme_builder_area=&#8220;post_content&#8220;][et_pb_text _builder_version=&#8220;4.27.2&#8243; _module_preset=&#8220;default&#8220; theme_builder_area=&#8220;post_content&#8220; hover_enabled=&#8220;0&#8243; sticky_enabled=&#8220;0&#8243;]<br \/>\nIn \u00dcbereinstimmung mit Artikel 10 des Gesetzes 34\/2002 vom 11. Juli, Dienstleistungen der Informationsgesellschaft und des elektronischen Handels, geben wir Ihnen folgende Informationen: Flounder-Sailing hat seinen Sitz in C\/ La Hubara n\u00b09, Urb. La Cornisa, 35625 Morro Jable &#8211; Las Palmas, Spanien, mit CIF B35557404.<\/p>\n<p>Auf der Website Flounder-Sailing.com finden Sie eine Reihe informativer Inhalte \u00fcber das Segelboot Flounder, Ausfl\u00fcge, Angebote und die Dienstleistungen von Flounder-Sailing. Ihr Hauptziel ist es, Kunden und die breite \u00d6ffentlichkeit mit Informationen \u00fcber das Unternehmen, die angebotenen Produkte und Dienstleistungen zu versorgen. <\/p>\n<h1>DATENSCHUTZPOLITIK<\/h1>\n<p>In \u00dcbereinstimmung mit den Bestimmungen des Gesetzes 15\/1999 vom 13. Dezember \u00fcber den Schutz personenbezogener Daten (LOPD) informieren wir Sie dar\u00fcber, dass alle von Ihnen angegebenen Daten in eine Datei aufgenommen werden, die unter der Verantwortung von Flounder-Sailing angelegt und gepflegt wird. Wir werden die Vertraulichkeit Ihrer pers\u00f6nlichen Daten stets respektieren. Sie werden ausschlie\u00dflich zur Verwaltung der angebotenen Dienstleistungen, zur Beantwortung Ihrer Anfragen, zur Durchf\u00fchrung von Verwaltungsaufgaben und zur \u00dcbermittlung von technischen, kommerziellen oder werblichen Informationen auf normalem oder elektronischem Wege verwendet.<\/p>\n<p>Um Ihre Rechte auf Widerspruch, Berichtigung oder L\u00f6schung auszu\u00fcben, wenden Sie sich bitte an den Hauptsitz des Unternehmens in der C\/ La Hubara n\u00b09, Urb. La Cornisa, ES-35625 Morro Jable, schreiben Sie an die folgende E-Mail-Adresse flounder@flounder-sailing.com oder rufen Sie uns an unter 0034 616 57 58 78. Formulare zur Datenerfassung Der Nutzer stimmt ausdr\u00fccklich zu, dass die von ihm zur Verf\u00fcgung gestellten Daten verarbeitet werden, deren Inhaber und Verantwortlicher der Inhaber der Website ist und deren Zweck es ist, auf Ihre Anfrage zu antworten. Der Nutzer kann jederzeit von den oben genannten Rechten Gebrauch machen, ohne dass diese Entscheidung r\u00fcckwirkend ist, indem er dies \u00fcber die angegebene E-Mail-Adresse mitteilt. Alle Angaben, die der Nutzer \u00fcber die Formulare zu den oben genannten Zwecken oder zu anderen Zwecken macht, m\u00fcssen wahrheitsgem\u00e4\u00df sein. In jedem Fall ist der Nutzer allein verantwortlich f\u00fcr falsche oder ungenaue Angaben und f\u00fcr Sch\u00e4den, die dem Unternehmen oder Dritten durch die gemachten Angaben entstehen.<\/p>\n<h1>VERWENDUNGSBEDINGUNGEN<\/h1>\n<p>Die Bedingungen f\u00fcr den Zugang und die Nutzung dieser Website unterliegen dem Gesetz und dem Grundsatz von Treu und Glauben, und der Nutzer verpflichtet sich, die Website ordnungsgem\u00e4\u00df zu nutzen.<br \/>\nEin Verhalten, das dem Gesetz, den Rechten oder den Interessen anderer zuwiderl\u00e4uft, ist nicht gestattet. Als Nutzer der Website von Flounder-Sailing.com erkennen Sie an, dass Sie diese Bedingungen gelesen und akzeptiert haben und was die geltenden gesetzlichen Bestimmungen in diesem Bereich betrifft.<br \/>\nWenn Sie aus irgendeinem Grund mit diesen Bedingungen nicht einverstanden sind, nutzen Sie diese Website bitte nicht weiter. Mitteilungen und\/oder Beschwerden sind nur durch schriftliche Mitteilung und\/oder per Einschreiben g\u00fcltig.  <\/p>\n<h1>VERANTWORTLICHKEITEN<\/h1>\n<p>FLounder-Sailing ist nicht verantwortlich f\u00fcr die Informationen und Inhalte, die in Foren, sozialen Netzwerken oder anderen Mitteln gespeichert sind, die es Dritten erm\u00f6glichen, Inhalte unabh\u00e4ngig auf der Website des Anbieters zu ver\u00f6ffentlichen. Unter Ber\u00fccksichtigung von Art. 11 und 16 des LSSI-CE verpflichtet sich FLounder-Sailing jedoch, jene Inhalte zu entfernen oder zu sperren, die die nationale oder internationale Gesetzgebung, die Rechte Dritter oder die Moral und die \u00f6ffentliche Ordnung beeintr\u00e4chtigen oder gegen sie versto\u00dfen k\u00f6nnten. Das Unternehmen haftet auch nicht f\u00fcr Sch\u00e4den, die durch Ausf\u00e4lle oder Fehlkonfigurationen der auf dem Computer des Nutzers installierten Software entstehen. Jegliche Haftung f\u00fcr technische St\u00f6rungen oder Ausf\u00e4lle, die bei der Verbindung des Nutzers mit dem Internet auftreten k\u00f6nnen, ist ausgeschlossen.<\/p>\n<p>Ebenso wenig garantieren wir das Fehlen von Unterbrechungen oder Fehlern beim Zugriff auf die Website. Au\u00dferdem beh\u00e4lt sich Flounder-Sailing das Recht vor, die auf seiner Website enthaltenen Informationen sowie deren Konfiguration oder Pr\u00e4sentation jederzeit zu aktualisieren, zu \u00e4ndern oder zu l\u00f6schen, ohne daf\u00fcr die Verantwortung zu \u00fcbernehmen. Bitte beachten Sie, dass alle Preise, die Sie auf unserer Website sehen, nur Richtwerte sind. Wenn Sie den genauen Preis erfahren m\u00f6chten oder wissen m\u00f6chten, ob es f\u00fcr das Produkt derzeit ein Angebot gibt, von dem Sie profitieren k\u00f6nnen, m\u00fcssen Sie sich in eines der Gesch\u00e4fte begeben, mit denen Flunder-Sailing zusammenarbeitet.<\/p>\n<h1>GEISTIGES UND GEWERBLICHES EIGENTUM<\/h1>\n<p>Flounder-Sailing besitzt alle Rechte an der Software der digitalen Ver\u00f6ffentlichung sowie die gewerblichen und geistigen Eigentumsrechte in Bezug auf die enthaltenen Inhalte, mit Ausnahme der Rechte an Produkten und Dienstleistungen \u00f6ffentlicher Natur, die nicht Eigentum dieses Unternehmens sind. Kein auf dieser Website ver\u00f6ffentlichtes Material darf ohne die schriftliche Zustimmung von Flounder-Sailing reproduziert, kopiert oder ver\u00f6ffentlicht werden. Alle auf der Website erhaltenen Informationen, wie Kommentare, Vorschl\u00e4ge oder Ideen, werden Flounder-Sailing unentgeltlich zur Verf\u00fcgung gestellt.<br \/>\nInformationen, die NICHT auf diese Weise behandelt werden k\u00f6nnen, sollten nicht gesendet werden. Alle Produkte und Dienstleistungen auf diesen Seiten, die NICHT Eigentum von Flounder-Sailing sind, sind Marken der jeweiligen Eigent\u00fcmer und werden von Flounder-Sailing als solche anerkannt. Sie erscheinen auf der Flounder-Sailing-Website nur zu Werbe- und Informationszwecken. Diese Eigent\u00fcmer k\u00f6nnen die \u00c4nderung oder L\u00f6schung der ihnen geh\u00f6renden Informationen verlangen.<\/p>\n<h1>ANWENDBARES RECHT UND GERICHTSBARKEIT<\/h1>\n<p>Diese allgemeinen Bedingungen unterliegen dem spanischen Recht. F\u00fcr alle Streitigkeiten, die im Zusammenhang mit der Website oder der darin ausge\u00fcbten T\u00e4tigkeit entstehen k\u00f6nnen, sind die Gerichte von Puerto del Rosario, Fuerteventura, zust\u00e4ndig, und der Benutzer verzichtet ausdr\u00fccklich auf jede andere Gerichtsbarkeit, die ihm zustehen k\u00f6nnte. <\/p>\n<h1>COOKIES-POLITIK<\/h1>\n<p>Flounder-Sailing verwendet keine analytischen Cookies oder Cookies von Dritten, sondern nur interne Web-Cookies, die f\u00fcr das ordnungsgem\u00e4\u00dfe Funktionieren der Website unbedingt erforderlich sind. Cookies sind Dateien, die von einem Webdienst an den Browser gesendet werden, um die Aktivit\u00e4ten des Benutzers w\u00e4hrend seiner Surfzeit aufzuzeichnen. Die verwendeten Cookies werden nur mit einem anonymen Benutzer und seinem Computer in Verbindung gebracht und liefern als solche keine pers\u00f6nlichen Daten des Benutzers. Durch die Verwendung von Cookies ist es dem Server, auf dem sich die Website befindet, m\u00f6glich, den vom Benutzer verwendeten Webbrowser zu erkennen, um das Surfen zu erleichtern. Der Nutzer hat die M\u00f6glichkeit, seinen Browser so zu konfigurieren, dass er \u00fcber den Empfang von Cookies informiert wird und deren Installation auf seinem Computer verhindert.<\/p>\n<p>F\u00fcr weitere Informationen konsultieren Sie bitte die Anleitungen und Handb\u00fccher Ihres Browsers. F\u00fcr die Nutzung der Website ist es nicht erforderlich, dass der Nutzer die Installation von Cookies zul\u00e4sst, die an die Website oder an Dritte, die in ihrem Namen handeln, gesendet werden, unbeschadet der Notwendigkeit, dass der Nutzer eine Sitzung in jedem der Dienste, deren Bereitstellung eine vorherige Registrierung erfordert, einleitet. In jedem Fall sind Cookies vor\u00fcbergehender Natur und dienen ausschlie\u00dflich dem Zweck, die Weiterleitung effizienter zu gestalten. Unter keinen Umst\u00e4nden werden Cookies verwendet, um pers\u00f6nliche Informationen zu sammeln. <\/p>\n<p>  [\/et_pb_text][\/et_pb_column][\/et_pb_row][\/et_pb_section]<\/p>\n","protected":false},"excerpt":{"rendered":"<p>In \u00dcbereinstimmung mit Artikel 10 des Gesetzes 34\/2002 vom 11. Juli, Dienstleistungen der Informationsgesellschaft und des elektronischen Handels, geben wir Ihnen folgende Informationen: Flounder-Sailing hat seinen Sitz in C\/ La Hubara n\u00b09, Urb. La Cornisa, 35625 Morro Jable &#8211; Las Palmas, Spanien, mit CIF B35557404. Auf der Website Flounder-Sailing.com finden Sie eine Reihe informativer Inhalte [&hellip;]<\/p>\n","protected":false},"author":1,"featured_media":0,"parent":0,"menu_order":0,"comment_status":"closed","ping_status":"closed","template":"","meta":{"_et_pb_use_builder":"on","_et_pb_old_content":"","_et_gb_content_width":"","footnotes":""},"class_list":["post-508","page","type-page","status-publish","hentry"],"_links":{"self":[{"href":"https:\/\/flounder-sailing.com\/de\/wp-json\/wp\/v2\/pages\/508","targetHints":{"allow":["GET"]}}],"collection":[{"href":"https:\/\/flounder-sailing.com\/de\/wp-json\/wp\/v2\/pages"}],"about":[{"href":"https:\/\/flounder-sailing.com\/de\/wp-json\/wp\/v2\/types\/page"}],"author":[{"embeddable":true,"href":"https:\/\/flounder-sailing.com\/de\/wp-json\/wp\/v2\/users\/1"}],"replies":[{"embeddable":true,"href":"https:\/\/flounder-sailing.com\/de\/wp-json\/wp\/v2\/comments?post=508"}],"version-history":[{"count":8,"href":"https:\/\/flounder-sailing.com\/de\/wp-json\/wp\/v2\/pages\/508\/revisions"}],"predecessor-version":[{"id":535,"href":"https:\/\/flounder-sailing.com\/de\/wp-json\/wp\/v2\/pages\/508\/revisions\/535"}],"wp:attachment":[{"href":"https:\/\/flounder-sailing.com\/de\/wp-json\/wp\/v2\/media?parent=508"}],"curies":[{"name":"wp","href":"https:\/\/api.w.org\/{rel}","templated":true}]}}